{"id":8906,"date":"2023-12-04T14:27:25","date_gmt":"2023-12-04T14:27:25","guid":{"rendered":"https:\/\/www.ams-rentaguard.de\/?page_id=8906"},"modified":"2024-04-04T11:50:42","modified_gmt":"2024-04-04T11:50:42","slug":"venta-de-vehiculos-de-proteccion-especial","status":"publish","type":"page","link":"https:\/\/www.ams-rentaguard.de\/es\/venta-de-vehiculos-de-proteccion-especial\/","title":{"rendered":"Venta de veh\u00edculos de protecci\u00f3n especial"},"content":{"rendered":"\t\t<div data-elementor-type=\"wp-page\" data-elementor-id=\"8906\" class=\"elementor elementor-8906 elementor-7819\">\n\t\t\t\t\t\t<section class=\"elementor-section elementor-top-section elementor-element elementor-element-c5c9d1c elementor-section-full_width qodef-elementor-content-grid elementor-section-height-default elementor-section-height-default\" data-id=\"c5c9d1c\" data-element_type=\"section\" data-e-type=\"section\">\n\t\t\t\t\t\t<div class=\"elementor-container elementor-column-gap-default\">\n\t\t\t\t\t<div class=\"elementor-column elementor-col-100 elementor-top-column elementor-element elementor-element-0eaec7b\" data-id=\"0eaec7b\" data-element_type=\"column\" data-e-type=\"column\" data-settings=\"{&quot;background_background&quot;:&quot;classic&quot;}\">\n\t\t\t<div class=\"elementor-widget-wrap elementor-element-populated\">\n\t\t\t\t\t\t<div class=\"elementor-element elementor-element-76a9ad7 elementor-widget elementor-widget-luxedrive_core_section_title\" data-id=\"76a9ad7\" data-element_type=\"widget\" data-e-type=\"widget\" data-widget_type=\"luxedrive_core_section_title.default\">\n\t\t\t\t<div class=\"elementor-widget-container\">\n\t\t\t\t\t<div class=\"qodef-shortcode qodef-m qodef-section-title qodef-alignment--left qodef-title-break--disabled\">\n\t\t<h2 class=\"qodef-m-title\" >\n\t\t\t\t\tAlgunas de las ventajas de nuestros veh\u00edculos<br \/> de protecci\u00f3n especial:\t\t\t<\/h2>\n\t\t<span class=\"qodef-m-subtitle\" >100% Protecci\u00f3n<\/span>\n\t<\/div>\n\t\t\t\t<\/div>\n\t\t\t\t<\/div>\n\t\t\t\t<div class=\"elementor-element elementor-element-97f161d elementor-widget elementor-widget-luxedrive_core_separator\" data-id=\"97f161d\" data-element_type=\"widget\" data-e-type=\"widget\" data-widget_type=\"luxedrive_core_separator.default\">\n\t\t\t\t<div class=\"elementor-widget-container\">\n\t\t\t\t\t<div class=\"qodef-shortcode qodef-m qodef-separator clear\">\n\t<div class=\"qodef-m-line\" style=\"border-color: #D9D6CE;border-style: solid;width: 100%;border-bottom-width: 1px\"><\/div>\n<\/div>\n\t\t\t\t<\/div>\n\t\t\t\t<\/div>\n\t\t\t\t\t<\/div>\n\t\t<\/div>\n\t\t\t\t\t<\/div>\n\t\t<\/section>\n\t\t\t\t<section class=\"elementor-section elementor-top-section elementor-element elementor-element-515f8e9 elementor-section-full_width qodef-elementor-content-grid elementor-section-height-default elementor-section-height-default\" data-id=\"515f8e9\" data-element_type=\"section\" data-e-type=\"section\">\n\t\t\t\t\t\t<div class=\"elementor-container elementor-column-gap-default\">\n\t\t\t\t\t<div class=\"elementor-column elementor-col-50 elementor-top-column elementor-element elementor-element-9621809\" data-id=\"9621809\" data-element_type=\"column\" data-e-type=\"column\">\n\t\t\t<div class=\"elementor-widget-wrap elementor-element-populated\">\n\t\t\t\t\t\t<div class=\"elementor-element elementor-element-6987e77 elementor-widget elementor-widget-luxedrive_core_icon_list_item\" data-id=\"6987e77\" data-element_type=\"widget\" data-e-type=\"widget\" data-widget_type=\"luxedrive_core_icon_list_item.default\">\n\t\t\t\t<div class=\"elementor-widget-container\">\n\t\t\t\t\t<div class=\"qodef-icon-list-item qodef-icon--icon-pack\" >\n\t<p class=\"qodef-e-title\" >\n\t\t\t\t\t<span class=\"qodef-e-title-inner\">\n\t\t\t\t<span class=\"qodef-shortcode qodef-m qodef-icon-holder qodef-layout--normal\"  >\t\t\t<span class=\"qodef-icon-elegant-icons icon_check qodef-icon qodef-e\" style=\"font-size: 25px\" ><\/span>\t<\/span>\t\t\t\t<span class=\"qodef-e-title-text\">M\u00e1xima clase de protecci\u00f3n gracias al blindaje total<\/span>\n\t\t\t<\/span>\n\t\t\t<\/p>\n<\/div>\n\t\t\t\t<\/div>\n\t\t\t\t<\/div>\n\t\t\t\t<div class=\"elementor-element elementor-element-d0a4602 elementor-widget elementor-widget-luxedrive_core_icon_list_item\" data-id=\"d0a4602\" data-element_type=\"widget\" data-e-type=\"widget\" data-widget_type=\"luxedrive_core_icon_list_item.default\">\n\t\t\t\t<div class=\"elementor-widget-container\">\n\t\t\t\t\t<div class=\"qodef-icon-list-item qodef-icon--icon-pack\" >\n\t<p class=\"qodef-e-title\" >\n\t\t\t\t\t<span class=\"qodef-e-title-inner\">\n\t\t\t\t<span class=\"qodef-shortcode qodef-m qodef-icon-holder qodef-layout--normal\"  >\t\t\t<span class=\"qodef-icon-elegant-icons icon_check qodef-icon qodef-e\" style=\"font-size: 25px\" ><\/span>\t<\/span>\t\t\t\t<span class=\"qodef-e-title-text\">Certificado por la BKA con resistencia a las balas hasta las clases m\u00e1s altas de resistencia a las balas VR7\/9 (seg\u00fan BRV 2009)<\/span>\n\t\t\t<\/span>\n\t\t\t<\/p>\n<\/div>\n\t\t\t\t<\/div>\n\t\t\t\t<\/div>\n\t\t\t\t<div class=\"elementor-element elementor-element-fc00051 elementor-widget elementor-widget-luxedrive_core_icon_list_item\" data-id=\"fc00051\" data-element_type=\"widget\" data-e-type=\"widget\" data-widget_type=\"luxedrive_core_icon_list_item.default\">\n\t\t\t\t<div class=\"elementor-widget-container\">\n\t\t\t\t\t<div class=\"qodef-icon-list-item qodef-icon--icon-pack\" >\n\t<p class=\"qodef-e-title\" >\n\t\t\t\t\t<span class=\"qodef-e-title-inner\">\n\t\t\t\t<span class=\"qodef-shortcode qodef-m qodef-icon-holder qodef-layout--normal\"  >\t\t\t<span class=\"qodef-icon-elegant-icons icon_check qodef-icon qodef-e\" style=\"font-size: 25px\" ><\/span>\t<\/span>\t\t\t\t<span class=\"qodef-e-title-text\">Sistemas especiales de salida de emergencia, sistemas propios de extinci\u00f3n de incendios <\/span>\n\t\t\t<\/span>\n\t\t\t<\/p>\n<\/div>\n\t\t\t\t<\/div>\n\t\t\t\t<\/div>\n\t\t\t\t\t<\/div>\n\t\t<\/div>\n\t\t\t\t<div class=\"elementor-column elementor-col-50 elementor-top-column elementor-element elementor-element-707e1cc\" data-id=\"707e1cc\" data-element_type=\"column\" data-e-type=\"column\">\n\t\t\t<div class=\"elementor-widget-wrap elementor-element-populated\">\n\t\t\t\t\t\t<div class=\"elementor-element elementor-element-afa5018 elementor-widget elementor-widget-luxedrive_core_icon_list_item\" data-id=\"afa5018\" data-element_type=\"widget\" data-e-type=\"widget\" data-widget_type=\"luxedrive_core_icon_list_item.default\">\n\t\t\t\t<div class=\"elementor-widget-container\">\n\t\t\t\t\t<div class=\"qodef-icon-list-item qodef-icon--icon-pack\" >\n\t<p class=\"qodef-e-title\" >\n\t\t\t\t\t<span class=\"qodef-e-title-inner\">\n\t\t\t\t<span class=\"qodef-shortcode qodef-m qodef-icon-holder qodef-layout--normal\"  >\t\t\t<span class=\"qodef-icon-elegant-icons icon_check qodef-icon qodef-e\" style=\"font-size: 25px\" ><\/span>\t<\/span>\t\t\t\t<span class=\"qodef-e-title-text\">Veh\u00edculo neutral <\/span>\n\t\t\t<\/span>\n\t\t\t<\/p>\n<\/div>\n\t\t\t\t<\/div>\n\t\t\t\t<\/div>\n\t\t\t\t<div class=\"elementor-element elementor-element-10a0639 elementor-widget elementor-widget-luxedrive_core_icon_list_item\" data-id=\"10a0639\" data-element_type=\"widget\" data-e-type=\"widget\" data-widget_type=\"luxedrive_core_icon_list_item.default\">\n\t\t\t\t<div class=\"elementor-widget-container\">\n\t\t\t\t\t<div class=\"qodef-icon-list-item qodef-icon--icon-pack\" >\n\t<p class=\"qodef-e-title\" >\n\t\t\t\t\t<span class=\"qodef-e-title-inner\">\n\t\t\t\t<span class=\"qodef-shortcode qodef-m qodef-icon-holder qodef-layout--normal\"  >\t\t\t<span class=\"qodef-icon-elegant-icons icon_check qodef-icon qodef-e\" style=\"font-size: 25px\" ><\/span>\t<\/span>\t\t\t\t<span class=\"qodef-e-title-text\">Alta motorizaci\u00f3n<\/span>\n\t\t\t<\/span>\n\t\t\t<\/p>\n<\/div>\n\t\t\t\t<\/div>\n\t\t\t\t<\/div>\n\t\t\t\t<div class=\"elementor-element elementor-element-d0c8a84 elementor-widget elementor-widget-luxedrive_core_icon_list_item\" data-id=\"d0c8a84\" data-element_type=\"widget\" data-e-type=\"widget\" data-widget_type=\"luxedrive_core_icon_list_item.default\">\n\t\t\t\t<div class=\"elementor-widget-container\">\n\t\t\t\t\t<div class=\"qodef-icon-list-item qodef-icon--icon-pack\" >\n\t<p class=\"qodef-e-title\" >\n\t\t\t\t\t<span class=\"qodef-e-title-inner\">\n\t\t\t\t<span class=\"qodef-shortcode qodef-m qodef-icon-holder qodef-layout--normal\"  >\t\t\t<span class=\"qodef-icon-elegant-icons icon_check qodef-icon qodef-e\" style=\"font-size: 25px\" ><\/span>\t<\/span>\t\t\t\t<span class=\"qodef-e-title-text\">Adem\u00e1s de muchas otras medidas de seguridad <\/span>\n\t\t\t<\/span>\n\t\t\t<\/p>\n<\/div>\n\t\t\t\t<\/div>\n\t\t\t\t<\/div>\n\t\t\t\t\t<\/div>\n\t\t<\/div>\n\t\t\t\t\t<\/div>\n\t\t<\/section>\n\t\t\t\t<section class=\"elementor-section elementor-top-section elementor-element elementor-element-fb47f60 elementor-section-full_width qodef-elementor-content-grid elementor-section-height-default elementor-section-height-default\" data-id=\"fb47f60\" data-element_type=\"section\" data-e-type=\"section\">\n\t\t\t\t\t\t<div class=\"elementor-container elementor-column-gap-default\">\n\t\t\t\t\t<div class=\"elementor-column elementor-col-100 elementor-top-column elementor-element elementor-element-5769db7\" data-id=\"5769db7\" data-element_type=\"column\" data-e-type=\"column\" data-settings=\"{&quot;background_background&quot;:&quot;classic&quot;}\">\n\t\t\t<div class=\"elementor-widget-wrap elementor-element-populated\">\n\t\t\t\t\t\t<div class=\"elementor-element elementor-element-cde41ec elementor-widget elementor-widget-luxedrive_core_section_title\" data-id=\"cde41ec\" data-element_type=\"widget\" data-e-type=\"widget\" data-widget_type=\"luxedrive_core_section_title.default\">\n\t\t\t\t<div class=\"elementor-widget-container\">\n\t\t\t\t\t<div class=\"qodef-shortcode qodef-m qodef-section-title qodef-alignment--left qodef-title-break--disabled\">\n\t\t<h2 class=\"qodef-m-title\" >\n\t\t\t\t\tNuestras ofertas actuales\t\t\t<\/h2>\n\t\t<span class=\"qodef-m-subtitle\" >Para su seguridad<\/span>\n\t<\/div>\n\t\t\t\t<\/div>\n\t\t\t\t<\/div>\n\t\t\t\t\t<\/div>\n\t\t<\/div>\n\t\t\t\t\t<\/div>\n\t\t<\/section>\n\t\t\t\t<section class=\"elementor-section elementor-top-section elementor-element elementor-element-6491f35 elementor-section-full_width qodef-elementor-content-grid elementor-section-height-default elementor-section-height-default\" data-id=\"6491f35\" data-element_type=\"section\" data-e-type=\"section\">\n\t\t\t\t\t\t<div class=\"elementor-container elementor-column-gap-default\">\n\t\t\t\t\t<div class=\"elementor-column elementor-col-100 elementor-top-column elementor-element elementor-element-2117fc2\" data-id=\"2117fc2\" data-element_type=\"column\" data-e-type=\"column\">\n\t\t\t<div class=\"elementor-widget-wrap elementor-element-populated\">\n\t\t\t\t\t\t<div class=\"elementor-element elementor-element-a07bf7c elementor-widget elementor-widget-luxedrive_core_vehicle_list\" data-id=\"a07bf7c\" data-element_type=\"widget\" data-e-type=\"widget\" data-widget_type=\"luxedrive_core_vehicle_list.default\">\n\t\t\t\t<div class=\"elementor-widget-container\">\n\t\t\t\t\t<div class=\"qodef-shortcode qodef-m qodef-vehicle-list qodef-item-layout--info-on-image qodef-skin--light qodef-grid qodef-layout--columns qodef-gutter--normal qodef-vertical-gutter--huge qodef-col-num--3 qodef-item-layout--info-on-image qodef-pagination--off qodef-responsive--custom qodef-col-num--1440--3 qodef-col-num--1366--3 qodef-col-num--1024--2 qodef-col-num--768--1 qodef-col-num--680--1 qodef-col-num--480--1 qodef-swiper--show-pagination qodef-swiper-pagination--fraction\" data-options=\"{&quot;plugin&quot;:&quot;luxedrive_core&quot;,&quot;module&quot;:&quot;post-types\\\/vehicle\\\/shortcodes&quot;,&quot;shortcode&quot;:&quot;vehicle-list&quot;,&quot;post_type&quot;:&quot;vehicle&quot;,&quot;next_page&quot;:&quot;2&quot;,&quot;max_pages_num&quot;:1,&quot;behavior&quot;:&quot;columns&quot;,&quot;images_proportion&quot;:&quot;full&quot;,&quot;columns&quot;:&quot;3&quot;,&quot;columns_responsive&quot;:&quot;custom&quot;,&quot;columns_1440&quot;:&quot;3&quot;,&quot;columns_1366&quot;:&quot;3&quot;,&quot;columns_1024&quot;:&quot;2&quot;,&quot;columns_768&quot;:&quot;1&quot;,&quot;columns_680&quot;:&quot;1&quot;,&quot;columns_480&quot;:&quot;1&quot;,&quot;space&quot;:&quot;normal&quot;,&quot;vertical_space&quot;:&quot;huge&quot;,&quot;slider_pagination_type&quot;:&quot;fraction&quot;,&quot;posts_per_page&quot;:&quot;100&quot;,&quot;orderby&quot;:&quot;date&quot;,&quot;order&quot;:&quot;ASC&quot;,&quot;additional_params&quot;:&quot;tax&quot;,&quot;tax&quot;:&quot;vehicle-tag&quot;,&quot;tax_slug&quot;:&quot;verkauf&quot;,&quot;layout&quot;:&quot;info-on-image&quot;,&quot;title_tag&quot;:&quot;h5&quot;,&quot;show_reviews&quot;:&quot;yes&quot;,&quot;skin&quot;:&quot;light&quot;,&quot;pagination_type&quot;:&quot;no-pagination&quot;,&quot;enable_filter&quot;:&quot;no&quot;,&quot;object_class_name&quot;:&quot;LuxeDriveCore_Vehicle_List_Shortcode&quot;,&quot;taxonomy_filter&quot;:&quot;vehicle-tag&quot;,&quot;additional_query_args&quot;:{&quot;tax_query&quot;:[{&quot;taxonomy&quot;:&quot;vehicle-tag&quot;,&quot;field&quot;:&quot;slug&quot;,&quot;terms&quot;:&quot;verkauf&quot;}]},&quot;item_classes&quot;:&quot;qodef-e qodef-grid-item &quot;,&quot;space_value&quot;:30}\">\n\t\t<div class=\"qodef-grid-inner\">\n\t\t<div class=\"qodef-e qodef-grid-item  post-8984 vehicle type-vehicle status-publish has-post-thumbnail hentry vehicle-tag-alquiler vehicle-tag-ventas\">\n\t<div class=\"qodef-e-inner\">\n\t\t<div class=\"qodef-e-image\">\n\t\t\t\t<div class=\"qodef-e-media-image\">\n\t\t<a itemprop=\"url\" href=\"https:\/\/www.ams-rentaguard.de\/es\/vehicle\/q7-quat-3-0-v6245-a8\/\" target=\"_self\">\n\t\t\t<img fetchpriority=\"high\" decoding=\"async\" width=\"1024\" height=\"768\" src=\"https:\/\/www.ams-rentaguard.de\/wp-content\/uploads\/2023\/12\/1.jpg\" class=\"attachment-full size-full\" alt=\"Q7 quat.3.0 V6245 A8\" srcset=\"https:\/\/www.ams-rentaguard.de\/wp-content\/uploads\/2023\/12\/1.jpg 1024w, https:\/\/www.ams-rentaguard.de\/wp-content\/uploads\/2023\/12\/1-300x225.jpg 300w, https:\/\/www.ams-rentaguard.de\/wp-content\/uploads\/2023\/12\/1-768x576.jpg 768w\" sizes=\"(max-width: 1024px) 100vw, 1024px\" \/>\t\t<\/a>\n\t<\/div>\n\t\t\t<div class=\"qodef-e-image-inner\">\n\t\t\t\t\t\t\t\t<div class=\"qodef-e-price-info\">\n\t\t\t<div class=\"qodef-e-price\">\n\t\t\t\t\t\t<span class=\"qodef-e-price-inner qodef-currency--after\">\n\t\t\t\t<span class=\"qodef-currency\">\n\t\t\t\t\t\t\t\t\t<\/span>\n\t\t\t\t142.800\u20ac brutos en oferta \t\t\t<\/span>\n\t\t\t<span class=\"qodef-e-price-label\">\n\t\t\t\tDefault\t\t\t<\/span>\n\t\t<\/div>\n\t\t<\/div>\t\t\t\t\t\t<div itemprop=\"description\" class=\"qodef-e-excerpt\">Precio a consultar<\/div>\n\t\t\t\t\t\t<div class=\"qodef-e-image-overlay\"><\/div>\n\t\t\t<\/div>\n\t\t<\/div>\n\t\t<div class=\"qodef-e-content\">\n\t\t\t<h5 itemprop=\"name\" class=\"qodef-e-title entry-title\" >\n\t<a itemprop=\"url\" class=\"qodef-e-title-link\" href=\"https:\/\/www.ams-rentaguard.de\/es\/vehicle\/q7-quat-3-0-v6245-a8\/\">\n\t\tQ7 quat.3.0 V6245 A8\t<\/a>\n<\/h5>\n\t\t\t\t<div class=\"qodef-reviews-list-info qodef-reviews-average-count\">\n\t\t\t<\/div>\n\t\t<\/div>\n\t<\/div>\n<\/div>\n<div class=\"qodef-e qodef-grid-item  post-9002 vehicle type-vehicle status-publish has-post-thumbnail hentry vehicle-tag-alquiler vehicle-tag-ventas\">\n\t<div class=\"qodef-e-inner\">\n\t\t<div class=\"qodef-e-image\">\n\t\t\t\t<div class=\"qodef-e-media-image\">\n\t\t<a itemprop=\"url\" href=\"https:\/\/www.ams-rentaguard.de\/es\/vehicle\/a8l-security-6-3-12368-a8\/\" target=\"_self\">\n\t\t\t<img decoding=\"async\" width=\"1024\" height=\"768\" src=\"https:\/\/www.ams-rentaguard.de\/wp-content\/uploads\/2023\/12\/14-1.jpg\" class=\"attachment-full size-full\" alt=\"A8L Security 6.3 12368 A8\" srcset=\"https:\/\/www.ams-rentaguard.de\/wp-content\/uploads\/2023\/12\/14-1.jpg 1024w, https:\/\/www.ams-rentaguard.de\/wp-content\/uploads\/2023\/12\/14-1-300x225.jpg 300w, https:\/\/www.ams-rentaguard.de\/wp-content\/uploads\/2023\/12\/14-1-768x576.jpg 768w\" sizes=\"(max-width: 1024px) 100vw, 1024px\" \/>\t\t<\/a>\n\t<\/div>\n\t\t\t<div class=\"qodef-e-image-inner\">\n\t\t\t\t\t\t\t\t<div class=\"qodef-e-price-info\">\n\t\t\t<div class=\"qodef-e-price\">\n\t\t\t\t\t\t<span class=\"qodef-e-price-inner qodef-currency--after\">\n\t\t\t\t<span class=\"qodef-currency\">\n\t\t\t\t\t\t\t\t\t<\/span>\n\t\t\t\t184.450\u20ac brutos en oferta \t\t\t<\/span>\n\t\t\t<span class=\"qodef-e-price-label\">\n\t\t\t\tDefault\t\t\t<\/span>\n\t\t<\/div>\n\t\t<\/div>\t\t\t\t\t\t<div itemprop=\"description\" class=\"qodef-e-excerpt\">Precio a consultar<\/div>\n\t\t\t\t\t\t<div class=\"qodef-e-image-overlay\"><\/div>\n\t\t\t<\/div>\n\t\t<\/div>\n\t\t<div class=\"qodef-e-content\">\n\t\t\t<h5 itemprop=\"name\" class=\"qodef-e-title entry-title\" >\n\t<a itemprop=\"url\" class=\"qodef-e-title-link\" href=\"https:\/\/www.ams-rentaguard.de\/es\/vehicle\/a8l-security-6-3-12368-a8\/\">\n\t\tA8L Security 6.3 12368 A8\t<\/a>\n<\/h5>\n\t\t\t\t<div class=\"qodef-reviews-list-info qodef-reviews-average-count\">\n\t\t\t<\/div>\n\t\t<\/div>\n\t<\/div>\n<\/div>\n\t<\/div>\n\t<\/div>\n\t\t\t\t<\/div>\n\t\t\t\t<\/div>\n\t\t\t\t\t<\/div>\n\t\t<\/div>\n\t\t\t\t\t<\/div>\n\t\t<\/section>\n\t\t\t\t<section class=\"elementor-section elementor-top-section elementor-element elementor-element-5247b9a elementor-section-full_width qodef-elementor-content-grid elementor-section-height-default elementor-section-height-default\" data-id=\"5247b9a\" data-element_type=\"section\" data-e-type=\"section\">\n\t\t\t\t\t\t<div class=\"elementor-container elementor-column-gap-default\">\n\t\t\t\t\t<div class=\"elementor-column elementor-col-100 elementor-top-column elementor-element elementor-element-a040c1f\" data-id=\"a040c1f\" data-element_type=\"column\" data-e-type=\"column\">\n\t\t\t<div class=\"elementor-widget-wrap elementor-element-populated\">\n\t\t\t\t\t\t<div class=\"elementor-element elementor-element-9909b8d elementor-widget elementor-widget-luxedrive_core_section_title\" data-id=\"9909b8d\" data-element_type=\"widget\" data-e-type=\"widget\" data-widget_type=\"luxedrive_core_section_title.default\">\n\t\t\t\t<div class=\"elementor-widget-container\">\n\t\t\t\t\t<div class=\"qodef-shortcode qodef-m qodef-section-title qodef-alignment--left\">\n\t\t<h2 class=\"qodef-m-title\" >\n\t\t\t\t\tPreguntas m\u00e1s frecuentes\t\t\t<\/h2>\n\t\t<span class=\"qodef-m-subtitle\" >Aqu\u00ed respondemos a las preguntas m\u00e1s frecuentes:<\/span>\n\t<\/div>\n\t\t\t\t<\/div>\n\t\t\t\t<\/div>\n\t\t\t\t<div class=\"elementor-element elementor-element-777b8e9 elementor-widget elementor-widget-luxedrive_core_separator\" data-id=\"777b8e9\" data-element_type=\"widget\" data-e-type=\"widget\" data-widget_type=\"luxedrive_core_separator.default\">\n\t\t\t\t<div class=\"elementor-widget-container\">\n\t\t\t\t\t<div class=\"qodef-shortcode qodef-m qodef-separator clear\">\n\t<div class=\"qodef-m-line\" style=\"border-color: #D9D6CE;border-style: solid;width: 100%;border-bottom-width: 1px\"><\/div>\n<\/div>\n\t\t\t\t<\/div>\n\t\t\t\t<\/div>\n\t\t\t\t\t<\/div>\n\t\t<\/div>\n\t\t\t\t\t<\/div>\n\t\t<\/section>\n\t\t\t\t<section class=\"elementor-section elementor-top-section elementor-element elementor-element-ab620be elementor-section-full_width qodef-elementor-content-grid elementor-section-height-default elementor-section-height-default\" data-id=\"ab620be\" data-element_type=\"section\" data-e-type=\"section\">\n\t\t\t\t\t\t<div class=\"elementor-container elementor-column-gap-default\">\n\t\t\t\t\t<div class=\"elementor-column elementor-col-100 elementor-top-column elementor-element elementor-element-d63880a\" data-id=\"d63880a\" data-element_type=\"column\" data-e-type=\"column\">\n\t\t\t<div class=\"elementor-widget-wrap elementor-element-populated\">\n\t\t\t\t\t\t<div class=\"elementor-element elementor-element-ded5b34 elementor-widget elementor-widget-luxedrive_core_accordion\" data-id=\"ded5b34\" data-element_type=\"widget\" data-e-type=\"widget\" data-widget_type=\"luxedrive_core_accordion.default\">\n\t\t\t\t<div class=\"elementor-widget-container\">\n\t\t\t\t\t<div class=\"qodef-shortcode qodef-m qodef-accordion clear qodef-behavior--accordion qodef-layout--simple\">\n\t<h5 class=\"qodef-accordion-title\">\n\t<span class=\"qodef-tab-title\">\u00bfPodemos encargarle el blindaje posteriormente de nuestro propio veh\u00edculo?<\/span>\n\t<span class=\"qodef-accordion-mark\"><\/span>\n<\/h5>\n<div class=\"qodef-accordion-content\">\n\t<div class=\"qodef-accordion-content-inner\">\n\t\t<p>No, hay empresas que se dedican al \u201eblindaje\u201c posterior. No obstante, nosotros, s\u00f3lo alquilamos y vendemos veh\u00edculos de f\u00e1brica construidos como veh\u00edculos de protecci\u00f3n especial.<\/p>\t<\/div>\n<\/div>\n<h5 class=\"qodef-accordion-title\">\n\t<span class=\"qodef-tab-title\">\u00bfLos veh\u00edculos tambi\u00e9n est\u00e1n blindados contra explosivos, granadas de mano, etc.?<\/span>\n\t<span class=\"qodef-accordion-mark\"><\/span>\n<\/h5>\n<div class=\"qodef-accordion-content\">\n\t<div class=\"qodef-accordion-content-inner\">\n\t\t<p>S\u00ed, los veh\u00edculos que utilizamos ofrecen protecci\u00f3n de acuerdo con la clase de protecci\u00f3n correspondiente<\/p>\t<\/div>\n<\/div>\n<h5 class=\"qodef-accordion-title\">\n\t<span class=\"qodef-tab-title\">\u00bfContra qu\u00e9 armas de fuego est\u00e1n blindados los veh\u00edculos?<\/span>\n\t<span class=\"qodef-accordion-mark\"><\/span>\n<\/h5>\n<div class=\"qodef-accordion-content\">\n\t<div class=\"qodef-accordion-content-inner\">\n\t\t<p>Por lo general, nuestros veh\u00edculos est\u00e1n blindados al menos hasta la clase de protecci\u00f3n VR9 o VR10 en la clase de protecci\u00f3n civil m\u00e1s elevada, no en la clase militar.<\/p>\t<\/div>\n<\/div>\n<h5 class=\"qodef-accordion-title\">\n\t<span class=\"qodef-tab-title\">\u00bfD\u00f3nde puedo llevar un veh\u00edculo blindado para efectuar su revisi\u00f3n?<\/span>\n\t<span class=\"qodef-accordion-mark\"><\/span>\n<\/h5>\n<div class=\"qodef-accordion-content\">\n\t<div class=\"qodef-accordion-content-inner\">\n\t\t<p>En el caso de un veh\u00edculo blindado de f\u00e1brica, puede llevar el veh\u00edculo a cualquier taller autorizado del fabricante para su revisi\u00f3n.<\/p>\t<\/div>\n<\/div>\n<h5 class=\"qodef-accordion-title\">\n\t<span class=\"qodef-tab-title\">\u00bfPuedo comprar o matricular un veh\u00edculo blindado como particular o empresa privada?<\/span>\n\t<span class=\"qodef-accordion-mark\"><\/span>\n<\/h5>\n<div class=\"qodef-accordion-content\">\n\t<div class=\"qodef-accordion-content-inner\">\n\t\t<p>S\u00ed, puede comprar y matricular una limusina blindada sin ning\u00fan problema. Dependiendo de la clase de protecci\u00f3n y del peso, los todoterrenos blindados pueden requerir la homologaci\u00f3n por la BAFA (Oficina Federal de Econom\u00eda y Control de las Exportaciones).<\/p>\t<\/div>\n<\/div>\n<\/div>\n\t\t\t\t<\/div>\n\t\t\t\t<\/div>\n\t\t\t\t\t<\/div>\n\t\t<\/div>\n\t\t\t\t\t<\/div>\n\t\t<\/section>\n\t\t\t\t<section class=\"elementor-section elementor-top-section elementor-element elementor-element-d1f5cc7 elementor-section-full_width elementor-section-height-default elementor-section-height-default\" data-id=\"d1f5cc7\" data-element_type=\"section\" data-e-type=\"section\" data-settings=\"{&quot;background_background&quot;:&quot;classic&quot;}\">\n\t\t\t\t\t\t<div class=\"elementor-container elementor-column-gap-default\">\n\t\t\t\t\t<div class=\"elementor-column elementor-col-100 elementor-top-column elementor-element elementor-element-e402a3f\" data-id=\"e402a3f\" data-element_type=\"column\" data-e-type=\"column\">\n\t\t\t<div class=\"elementor-widget-wrap elementor-element-populated\">\n\t\t\t\t\t\t<div class=\"elementor-element elementor-element-6d02c89 elementor-widget elementor-widget-image\" data-id=\"6d02c89\" data-element_type=\"widget\" data-e-type=\"widget\" data-widget_type=\"image.default\">\n\t\t\t\t<div class=\"elementor-widget-container\">\n\t\t\t\t\t\t\t\t\t\t\t\t\t\t\t<img decoding=\"async\" width=\"1919\" height=\"645\" src=\"https:\/\/www.ams-rentaguard.de\/wp-content\/uploads\/2023\/12\/h1-img-bg8.jpg\" class=\"attachment-full size-full wp-image-8574\" alt=\"\" srcset=\"https:\/\/www.ams-rentaguard.de\/wp-content\/uploads\/2023\/12\/h1-img-bg8.jpg 1919w, https:\/\/www.ams-rentaguard.de\/wp-content\/uploads\/2023\/12\/h1-img-bg8-300x101.jpg 300w, https:\/\/www.ams-rentaguard.de\/wp-content\/uploads\/2023\/12\/h1-img-bg8-1024x344.jpg 1024w, https:\/\/www.ams-rentaguard.de\/wp-content\/uploads\/2023\/12\/h1-img-bg8-768x258.jpg 768w, https:\/\/www.ams-rentaguard.de\/wp-content\/uploads\/2023\/12\/h1-img-bg8-1536x516.jpg 1536w\" sizes=\"(max-width: 1919px) 100vw, 1919px\" \/>\t\t\t\t\t\t\t\t\t\t\t\t\t\t\t<\/div>\n\t\t\t\t<\/div>\n\t\t\t\t\t<\/div>\n\t\t<\/div>\n\t\t\t\t\t<\/div>\n\t\t<\/section>\n\t\t\t\t<\/div>\n\t\t","protected":false},"excerpt":{"rendered":"<p>Algunas de las ventajas de nuestros veh\u00edculos de protecci\u00f3n especial: 100% Protecci\u00f3n M\u00e1xima clase de protecci\u00f3n gracias al blindaje total Certificado por la BKA con resistencia a las balas hasta las clases m\u00e1s altas de resistencia a las balas VR7\/9 (seg\u00fan BRV 2009) Sistemas especiales de salida de emergencia, sistemas propios de extinci\u00f3n de incendios [&hellip;]<\/p>\n","protected":false},"author":1,"featured_media":0,"parent":0,"menu_order":2,"comment_status":"closed","ping_status":"closed","template":"page-full-width.php","meta":{"footnotes":""},"class_list":["post-8906","page","type-page","status-publish","hentry"],"_links":{"self":[{"href":"https:\/\/www.ams-rentaguard.de\/es\/wp-json\/wp\/v2\/pages\/8906","targetHints":{"allow":["GET"]}}],"collection":[{"href":"https:\/\/www.ams-rentaguard.de\/es\/wp-json\/wp\/v2\/pages"}],"about":[{"href":"https:\/\/www.ams-rentaguard.de\/es\/wp-json\/wp\/v2\/types\/page"}],"author":[{"embeddable":true,"href":"https:\/\/www.ams-rentaguard.de\/es\/wp-json\/wp\/v2\/users\/1"}],"replies":[{"embeddable":true,"href":"https:\/\/www.ams-rentaguard.de\/es\/wp-json\/wp\/v2\/comments?post=8906"}],"version-history":[{"count":4,"href":"https:\/\/www.ams-rentaguard.de\/es\/wp-json\/wp\/v2\/pages\/8906\/revisions"}],"predecessor-version":[{"id":8949,"href":"https:\/\/www.ams-rentaguard.de\/es\/wp-json\/wp\/v2\/pages\/8906\/revisions\/8949"}],"wp:attachment":[{"href":"https:\/\/www.ams-rentaguard.de\/es\/wp-json\/wp\/v2\/media?parent=8906"}],"curies":[{"name":"wp","href":"https:\/\/api.w.org\/{rel}","templated":true}]}}