{"id":8900,"date":"2023-12-04T14:27:25","date_gmt":"2023-12-04T14:27:25","guid":{"rendered":"https:\/\/www.ams-rentaguard.de\/?page_id=8900"},"modified":"2024-04-04T11:50:41","modified_gmt":"2024-04-04T11:50:41","slug":"vente-de-voitures-a-protection-speciale","status":"publish","type":"page","link":"https:\/\/www.ams-rentaguard.de\/fr\/vente-de-voitures-a-protection-speciale\/","title":{"rendered":"Vente de voitures \u00e0 protection sp\u00e9ciale"},"content":{"rendered":"\t\t<div data-elementor-type=\"wp-page\" data-elementor-id=\"8900\" class=\"elementor elementor-8900 elementor-7819\">\n\t\t\t\t\t\t<section class=\"elementor-section elementor-top-section elementor-element elementor-element-c5c9d1c elementor-section-full_width qodef-elementor-content-grid elementor-section-height-default elementor-section-height-default\" data-id=\"c5c9d1c\" data-element_type=\"section\" data-e-type=\"section\">\n\t\t\t\t\t\t<div class=\"elementor-container elementor-column-gap-default\">\n\t\t\t\t\t<div class=\"elementor-column elementor-col-100 elementor-top-column elementor-element elementor-element-0eaec7b\" data-id=\"0eaec7b\" data-element_type=\"column\" data-e-type=\"column\" data-settings=\"{&quot;background_background&quot;:&quot;classic&quot;}\">\n\t\t\t<div class=\"elementor-widget-wrap elementor-element-populated\">\n\t\t\t\t\t\t<div class=\"elementor-element elementor-element-76a9ad7 elementor-widget elementor-widget-luxedrive_core_section_title\" data-id=\"76a9ad7\" data-element_type=\"widget\" data-e-type=\"widget\" data-widget_type=\"luxedrive_core_section_title.default\">\n\t\t\t\t<div class=\"elementor-widget-container\">\n\t\t\t\t\t<div class=\"qodef-shortcode qodef-m qodef-section-title qodef-alignment--left qodef-title-break--disabled\">\n\t\t<h2 class=\"qodef-m-title\" >\n\t\t\t\t\tQuelques avantages de nos voitures \u00e0 protection<br \/> sp\u00e9ciale :\t\t\t<\/h2>\n\t\t<span class=\"qodef-m-subtitle\" >Protection 100 %<\/span>\n\t<\/div>\n\t\t\t\t<\/div>\n\t\t\t\t<\/div>\n\t\t\t\t<div class=\"elementor-element elementor-element-97f161d elementor-widget elementor-widget-luxedrive_core_separator\" data-id=\"97f161d\" data-element_type=\"widget\" data-e-type=\"widget\" data-widget_type=\"luxedrive_core_separator.default\">\n\t\t\t\t<div class=\"elementor-widget-container\">\n\t\t\t\t\t<div class=\"qodef-shortcode qodef-m qodef-separator clear\">\n\t<div class=\"qodef-m-line\" style=\"border-color: #D9D6CE;border-style: solid;width: 100%;border-bottom-width: 1px\"><\/div>\n<\/div>\n\t\t\t\t<\/div>\n\t\t\t\t<\/div>\n\t\t\t\t\t<\/div>\n\t\t<\/div>\n\t\t\t\t\t<\/div>\n\t\t<\/section>\n\t\t\t\t<section class=\"elementor-section elementor-top-section elementor-element elementor-element-515f8e9 elementor-section-full_width qodef-elementor-content-grid elementor-section-height-default elementor-section-height-default\" data-id=\"515f8e9\" data-element_type=\"section\" data-e-type=\"section\">\n\t\t\t\t\t\t<div class=\"elementor-container elementor-column-gap-default\">\n\t\t\t\t\t<div class=\"elementor-column elementor-col-50 elementor-top-column elementor-element elementor-element-9621809\" data-id=\"9621809\" data-element_type=\"column\" data-e-type=\"column\">\n\t\t\t<div class=\"elementor-widget-wrap elementor-element-populated\">\n\t\t\t\t\t\t<div class=\"elementor-element elementor-element-6987e77 elementor-widget elementor-widget-luxedrive_core_icon_list_item\" data-id=\"6987e77\" data-element_type=\"widget\" data-e-type=\"widget\" data-widget_type=\"luxedrive_core_icon_list_item.default\">\n\t\t\t\t<div class=\"elementor-widget-container\">\n\t\t\t\t\t<div class=\"qodef-icon-list-item qodef-icon--icon-pack\" >\n\t<p class=\"qodef-e-title\" >\n\t\t\t\t\t<span class=\"qodef-e-title-inner\">\n\t\t\t\t<span class=\"qodef-shortcode qodef-m qodef-icon-holder qodef-layout--normal\"  >\t\t\t<span class=\"qodef-icon-elegant-icons icon_check qodef-icon qodef-e\" style=\"font-size: 25px\" ><\/span>\t<\/span>\t\t\t\t<span class=\"qodef-e-title-text\">Classe de protection la plus \u00e9lev\u00e9e du fait du blindage complet. <\/span>\n\t\t\t<\/span>\n\t\t\t<\/p>\n<\/div>\n\t\t\t\t<\/div>\n\t\t\t\t<\/div>\n\t\t\t\t<div class=\"elementor-element elementor-element-d0a4602 elementor-widget elementor-widget-luxedrive_core_icon_list_item\" data-id=\"d0a4602\" data-element_type=\"widget\" data-e-type=\"widget\" data-widget_type=\"luxedrive_core_icon_list_item.default\">\n\t\t\t\t<div class=\"elementor-widget-container\">\n\t\t\t\t\t<div class=\"qodef-icon-list-item qodef-icon--icon-pack\" >\n\t<p class=\"qodef-e-title\" >\n\t\t\t\t\t<span class=\"qodef-e-title-inner\">\n\t\t\t\t<span class=\"qodef-shortcode qodef-m qodef-icon-holder qodef-layout--normal\"  >\t\t\t<span class=\"qodef-icon-elegant-icons icon_check qodef-icon qodef-e\" style=\"font-size: 25px\" ><\/span>\t<\/span>\t\t\t\t<span class=\"qodef-e-title-text\">Certifi\u00e9es par l\u2019Office f\u00e9d\u00e9ral de la police criminelle (BKA) avec une s\u00e9curit\u00e9 de tir allant jusqu\u2019aux classes de r\u00e9sistance balistique les plus \u00e9lev\u00e9es VR7\/9 (selon BRV 2009) <\/span>\n\t\t\t<\/span>\n\t\t\t<\/p>\n<\/div>\n\t\t\t\t<\/div>\n\t\t\t\t<\/div>\n\t\t\t\t<div class=\"elementor-element elementor-element-fc00051 elementor-widget elementor-widget-luxedrive_core_icon_list_item\" data-id=\"fc00051\" data-element_type=\"widget\" data-e-type=\"widget\" data-widget_type=\"luxedrive_core_icon_list_item.default\">\n\t\t\t\t<div class=\"elementor-widget-container\">\n\t\t\t\t\t<div class=\"qodef-icon-list-item qodef-icon--icon-pack\" >\n\t<p class=\"qodef-e-title\" >\n\t\t\t\t\t<span class=\"qodef-e-title-inner\">\n\t\t\t\t<span class=\"qodef-shortcode qodef-m qodef-icon-holder qodef-layout--normal\"  >\t\t\t<span class=\"qodef-icon-elegant-icons icon_check qodef-icon qodef-e\" style=\"font-size: 25px\" ><\/span>\t<\/span>\t\t\t\t<span class=\"qodef-e-title-text\">Syst\u00e8mes d\u2019extraction d\u2019urgence, propres syst\u00e8mes d\u2019extinction <\/span>\n\t\t\t<\/span>\n\t\t\t<\/p>\n<\/div>\n\t\t\t\t<\/div>\n\t\t\t\t<\/div>\n\t\t\t\t\t<\/div>\n\t\t<\/div>\n\t\t\t\t<div class=\"elementor-column elementor-col-50 elementor-top-column elementor-element elementor-element-707e1cc\" data-id=\"707e1cc\" data-element_type=\"column\" data-e-type=\"column\">\n\t\t\t<div class=\"elementor-widget-wrap elementor-element-populated\">\n\t\t\t\t\t\t<div class=\"elementor-element elementor-element-afa5018 elementor-widget elementor-widget-luxedrive_core_icon_list_item\" data-id=\"afa5018\" data-element_type=\"widget\" data-e-type=\"widget\" data-widget_type=\"luxedrive_core_icon_list_item.default\">\n\t\t\t\t<div class=\"elementor-widget-container\">\n\t\t\t\t\t<div class=\"qodef-icon-list-item qodef-icon--icon-pack\" >\n\t<p class=\"qodef-e-title\" >\n\t\t\t\t\t<span class=\"qodef-e-title-inner\">\n\t\t\t\t<span class=\"qodef-shortcode qodef-m qodef-icon-holder qodef-layout--normal\"  >\t\t\t<span class=\"qodef-icon-elegant-icons icon_check qodef-icon qodef-e\" style=\"font-size: 25px\" ><\/span>\t<\/span>\t\t\t\t<span class=\"qodef-e-title-text\">V\u00e9hicule neutre <\/span>\n\t\t\t<\/span>\n\t\t\t<\/p>\n<\/div>\n\t\t\t\t<\/div>\n\t\t\t\t<\/div>\n\t\t\t\t<div class=\"elementor-element elementor-element-10a0639 elementor-widget elementor-widget-luxedrive_core_icon_list_item\" data-id=\"10a0639\" data-element_type=\"widget\" data-e-type=\"widget\" data-widget_type=\"luxedrive_core_icon_list_item.default\">\n\t\t\t\t<div class=\"elementor-widget-container\">\n\t\t\t\t\t<div class=\"qodef-icon-list-item qodef-icon--icon-pack\" >\n\t<p class=\"qodef-e-title\" >\n\t\t\t\t\t<span class=\"qodef-e-title-inner\">\n\t\t\t\t<span class=\"qodef-shortcode qodef-m qodef-icon-holder qodef-layout--normal\"  >\t\t\t<span class=\"qodef-icon-elegant-icons icon_check qodef-icon qodef-e\" style=\"font-size: 25px\" ><\/span>\t<\/span>\t\t\t\t<span class=\"qodef-e-title-text\">Motorisation performante <\/span>\n\t\t\t<\/span>\n\t\t\t<\/p>\n<\/div>\n\t\t\t\t<\/div>\n\t\t\t\t<\/div>\n\t\t\t\t<div class=\"elementor-element elementor-element-d0c8a84 elementor-widget elementor-widget-luxedrive_core_icon_list_item\" data-id=\"d0c8a84\" data-element_type=\"widget\" data-e-type=\"widget\" data-widget_type=\"luxedrive_core_icon_list_item.default\">\n\t\t\t\t<div class=\"elementor-widget-container\">\n\t\t\t\t\t<div class=\"qodef-icon-list-item qodef-icon--icon-pack\" >\n\t<p class=\"qodef-e-title\" >\n\t\t\t\t\t<span class=\"qodef-e-title-inner\">\n\t\t\t\t<span class=\"qodef-shortcode qodef-m qodef-icon-holder qodef-layout--normal\"  >\t\t\t<span class=\"qodef-icon-elegant-icons icon_check qodef-icon qodef-e\" style=\"font-size: 25px\" ><\/span>\t<\/span>\t\t\t\t<span class=\"qodef-e-title-text\">Nombreuses autres fonctions de s\u00e9curit\u00e9 <\/span>\n\t\t\t<\/span>\n\t\t\t<\/p>\n<\/div>\n\t\t\t\t<\/div>\n\t\t\t\t<\/div>\n\t\t\t\t\t<\/div>\n\t\t<\/div>\n\t\t\t\t\t<\/div>\n\t\t<\/section>\n\t\t\t\t<section class=\"elementor-section elementor-top-section elementor-element elementor-element-fb47f60 elementor-section-full_width qodef-elementor-content-grid elementor-section-height-default elementor-section-height-default\" data-id=\"fb47f60\" data-element_type=\"section\" data-e-type=\"section\">\n\t\t\t\t\t\t<div class=\"elementor-container elementor-column-gap-default\">\n\t\t\t\t\t<div class=\"elementor-column elementor-col-100 elementor-top-column elementor-element elementor-element-5769db7\" data-id=\"5769db7\" data-element_type=\"column\" data-e-type=\"column\" data-settings=\"{&quot;background_background&quot;:&quot;classic&quot;}\">\n\t\t\t<div class=\"elementor-widget-wrap elementor-element-populated\">\n\t\t\t\t\t\t<div class=\"elementor-element elementor-element-cde41ec elementor-widget elementor-widget-luxedrive_core_section_title\" data-id=\"cde41ec\" data-element_type=\"widget\" data-e-type=\"widget\" data-widget_type=\"luxedrive_core_section_title.default\">\n\t\t\t\t<div class=\"elementor-widget-container\">\n\t\t\t\t\t<div class=\"qodef-shortcode qodef-m qodef-section-title qodef-alignment--left qodef-title-break--disabled\">\n\t\t<h2 class=\"qodef-m-title\" >\n\t\t\t\t\tNos offres actuelles\t\t\t<\/h2>\n\t\t<span class=\"qodef-m-subtitle\" >Pour votre s\u00e9curit\u00e9<\/span>\n\t<\/div>\n\t\t\t\t<\/div>\n\t\t\t\t<\/div>\n\t\t\t\t\t<\/div>\n\t\t<\/div>\n\t\t\t\t\t<\/div>\n\t\t<\/section>\n\t\t\t\t<section class=\"elementor-section elementor-top-section elementor-element elementor-element-6491f35 elementor-section-full_width qodef-elementor-content-grid elementor-section-height-default elementor-section-height-default\" data-id=\"6491f35\" data-element_type=\"section\" data-e-type=\"section\">\n\t\t\t\t\t\t<div class=\"elementor-container elementor-column-gap-default\">\n\t\t\t\t\t<div class=\"elementor-column elementor-col-100 elementor-top-column elementor-element elementor-element-2117fc2\" data-id=\"2117fc2\" data-element_type=\"column\" data-e-type=\"column\">\n\t\t\t<div class=\"elementor-widget-wrap elementor-element-populated\">\n\t\t\t\t\t\t<div class=\"elementor-element elementor-element-a07bf7c elementor-widget elementor-widget-luxedrive_core_vehicle_list\" data-id=\"a07bf7c\" data-element_type=\"widget\" data-e-type=\"widget\" data-widget_type=\"luxedrive_core_vehicle_list.default\">\n\t\t\t\t<div class=\"elementor-widget-container\">\n\t\t\t\t\t<div class=\"qodef-shortcode qodef-m qodef-vehicle-list qodef-item-layout--info-on-image qodef-skin--light qodef-grid qodef-layout--columns qodef-gutter--normal qodef-vertical-gutter--huge qodef-col-num--3 qodef-item-layout--info-on-image qodef-pagination--off qodef-responsive--custom qodef-col-num--1440--3 qodef-col-num--1366--3 qodef-col-num--1024--2 qodef-col-num--768--1 qodef-col-num--680--1 qodef-col-num--480--1 qodef-swiper--show-pagination qodef-swiper-pagination--fraction\" data-options=\"{&quot;plugin&quot;:&quot;luxedrive_core&quot;,&quot;module&quot;:&quot;post-types\\\/vehicle\\\/shortcodes&quot;,&quot;shortcode&quot;:&quot;vehicle-list&quot;,&quot;post_type&quot;:&quot;vehicle&quot;,&quot;next_page&quot;:&quot;2&quot;,&quot;max_pages_num&quot;:1,&quot;behavior&quot;:&quot;columns&quot;,&quot;images_proportion&quot;:&quot;full&quot;,&quot;columns&quot;:&quot;3&quot;,&quot;columns_responsive&quot;:&quot;custom&quot;,&quot;columns_1440&quot;:&quot;3&quot;,&quot;columns_1366&quot;:&quot;3&quot;,&quot;columns_1024&quot;:&quot;2&quot;,&quot;columns_768&quot;:&quot;1&quot;,&quot;columns_680&quot;:&quot;1&quot;,&quot;columns_480&quot;:&quot;1&quot;,&quot;space&quot;:&quot;normal&quot;,&quot;vertical_space&quot;:&quot;huge&quot;,&quot;slider_pagination_type&quot;:&quot;fraction&quot;,&quot;posts_per_page&quot;:&quot;100&quot;,&quot;orderby&quot;:&quot;date&quot;,&quot;order&quot;:&quot;ASC&quot;,&quot;additional_params&quot;:&quot;tax&quot;,&quot;tax&quot;:&quot;vehicle-tag&quot;,&quot;tax_slug&quot;:&quot;verkauf&quot;,&quot;layout&quot;:&quot;info-on-image&quot;,&quot;title_tag&quot;:&quot;h5&quot;,&quot;show_reviews&quot;:&quot;yes&quot;,&quot;skin&quot;:&quot;light&quot;,&quot;pagination_type&quot;:&quot;no-pagination&quot;,&quot;enable_filter&quot;:&quot;no&quot;,&quot;object_class_name&quot;:&quot;LuxeDriveCore_Vehicle_List_Shortcode&quot;,&quot;taxonomy_filter&quot;:&quot;vehicle-tag&quot;,&quot;additional_query_args&quot;:{&quot;tax_query&quot;:[{&quot;taxonomy&quot;:&quot;vehicle-tag&quot;,&quot;field&quot;:&quot;slug&quot;,&quot;terms&quot;:&quot;verkauf&quot;}]},&quot;item_classes&quot;:&quot;qodef-e qodef-grid-item &quot;,&quot;space_value&quot;:30}\">\n\t\t<div class=\"qodef-grid-inner\">\n\t\t<div class=\"qodef-e qodef-grid-item  post-8983 vehicle type-vehicle status-publish has-post-thumbnail hentry vehicle-tag-location vehicle-tag-ventes\">\n\t<div class=\"qodef-e-inner\">\n\t\t<div class=\"qodef-e-image\">\n\t\t\t\t<div class=\"qodef-e-media-image\">\n\t\t<a itemprop=\"url\" href=\"https:\/\/www.ams-rentaguard.de\/fr\/vehicle\/q7-quat-3-0-v6245-a8\/\" target=\"_self\">\n\t\t\t<img fetchpriority=\"high\" decoding=\"async\" width=\"1024\" height=\"768\" src=\"https:\/\/www.ams-rentaguard.de\/wp-content\/uploads\/2023\/12\/1.jpg\" class=\"attachment-full size-full\" alt=\"Q7 quat.3.0 V6245 A8\" srcset=\"https:\/\/www.ams-rentaguard.de\/wp-content\/uploads\/2023\/12\/1.jpg 1024w, https:\/\/www.ams-rentaguard.de\/wp-content\/uploads\/2023\/12\/1-300x225.jpg 300w, https:\/\/www.ams-rentaguard.de\/wp-content\/uploads\/2023\/12\/1-768x576.jpg 768w\" sizes=\"(max-width: 1024px) 100vw, 1024px\" \/>\t\t<\/a>\n\t<\/div>\n\t\t\t<div class=\"qodef-e-image-inner\">\n\t\t\t\t\t\t\t\t<div class=\"qodef-e-price-info\">\n\t\t\t<div class=\"qodef-e-price\">\n\t\t\t\t\t\t<span class=\"qodef-e-price-inner qodef-currency--after\">\n\t\t\t\t<span class=\"qodef-currency\">\n\t\t\t\t\t\t\t\t\t<\/span>\n\t\t\t\t142.800\u20ac T.T.C. (offre) \t\t\t<\/span>\n\t\t\t<span class=\"qodef-e-price-label\">\n\t\t\t\tDefault\t\t\t<\/span>\n\t\t<\/div>\n\t\t<\/div>\t\t\t\t\t\t<div itemprop=\"description\" class=\"qodef-e-excerpt\">Prix sur demande<\/div>\n\t\t\t\t\t\t<div class=\"qodef-e-image-overlay\"><\/div>\n\t\t\t<\/div>\n\t\t<\/div>\n\t\t<div class=\"qodef-e-content\">\n\t\t\t<h5 itemprop=\"name\" class=\"qodef-e-title entry-title\" >\n\t<a itemprop=\"url\" class=\"qodef-e-title-link\" href=\"https:\/\/www.ams-rentaguard.de\/fr\/vehicle\/q7-quat-3-0-v6245-a8\/\">\n\t\tQ7 quat.3.0 V6245 A8\t<\/a>\n<\/h5>\n\t\t\t\t<div class=\"qodef-reviews-list-info qodef-reviews-average-count\">\n\t\t\t<\/div>\n\t\t<\/div>\n\t<\/div>\n<\/div>\n<div class=\"qodef-e qodef-grid-item  post-9000 vehicle type-vehicle status-publish has-post-thumbnail hentry vehicle-tag-location vehicle-tag-ventes\">\n\t<div class=\"qodef-e-inner\">\n\t\t<div class=\"qodef-e-image\">\n\t\t\t\t<div class=\"qodef-e-media-image\">\n\t\t<a itemprop=\"url\" href=\"https:\/\/www.ams-rentaguard.de\/fr\/vehicle\/a8l-security-6-312368-a8\/\" target=\"_self\">\n\t\t\t<img decoding=\"async\" width=\"1024\" height=\"768\" src=\"https:\/\/www.ams-rentaguard.de\/wp-content\/uploads\/2023\/12\/14-1.jpg\" class=\"attachment-full size-full\" alt=\"A8L Security 6.3 12368 A8\" srcset=\"https:\/\/www.ams-rentaguard.de\/wp-content\/uploads\/2023\/12\/14-1.jpg 1024w, https:\/\/www.ams-rentaguard.de\/wp-content\/uploads\/2023\/12\/14-1-300x225.jpg 300w, https:\/\/www.ams-rentaguard.de\/wp-content\/uploads\/2023\/12\/14-1-768x576.jpg 768w\" sizes=\"(max-width: 1024px) 100vw, 1024px\" \/>\t\t<\/a>\n\t<\/div>\n\t\t\t<div class=\"qodef-e-image-inner\">\n\t\t\t\t\t\t\t\t<div class=\"qodef-e-price-info\">\n\t\t\t<div class=\"qodef-e-price\">\n\t\t\t\t\t\t<span class=\"qodef-e-price-inner qodef-currency--after\">\n\t\t\t\t<span class=\"qodef-currency\">\n\t\t\t\t\t\t\t\t\t<\/span>\n\t\t\t\t184.450\u20ac T.T.C. (offre) \t\t\t<\/span>\n\t\t\t<span class=\"qodef-e-price-label\">\n\t\t\t\tDefault\t\t\t<\/span>\n\t\t<\/div>\n\t\t<\/div>\t\t\t\t\t\t<div itemprop=\"description\" class=\"qodef-e-excerpt\">Prix sur demande<\/div>\n\t\t\t\t\t\t<div class=\"qodef-e-image-overlay\"><\/div>\n\t\t\t<\/div>\n\t\t<\/div>\n\t\t<div class=\"qodef-e-content\">\n\t\t\t<h5 itemprop=\"name\" class=\"qodef-e-title entry-title\" >\n\t<a itemprop=\"url\" class=\"qodef-e-title-link\" href=\"https:\/\/www.ams-rentaguard.de\/fr\/vehicle\/a8l-security-6-312368-a8\/\">\n\t\tA8L Security 6.312368 A8\t<\/a>\n<\/h5>\n\t\t\t\t<div class=\"qodef-reviews-list-info qodef-reviews-average-count\">\n\t\t\t<\/div>\n\t\t<\/div>\n\t<\/div>\n<\/div>\n\t<\/div>\n\t<\/div>\n\t\t\t\t<\/div>\n\t\t\t\t<\/div>\n\t\t\t\t\t<\/div>\n\t\t<\/div>\n\t\t\t\t\t<\/div>\n\t\t<\/section>\n\t\t\t\t<section class=\"elementor-section elementor-top-section elementor-element elementor-element-5247b9a elementor-section-full_width qodef-elementor-content-grid elementor-section-height-default elementor-section-height-default\" data-id=\"5247b9a\" data-element_type=\"section\" data-e-type=\"section\">\n\t\t\t\t\t\t<div class=\"elementor-container elementor-column-gap-default\">\n\t\t\t\t\t<div class=\"elementor-column elementor-col-100 elementor-top-column elementor-element elementor-element-a040c1f\" data-id=\"a040c1f\" data-element_type=\"column\" data-e-type=\"column\">\n\t\t\t<div class=\"elementor-widget-wrap elementor-element-populated\">\n\t\t\t\t\t\t<div class=\"elementor-element elementor-element-9909b8d elementor-widget elementor-widget-luxedrive_core_section_title\" data-id=\"9909b8d\" data-element_type=\"widget\" data-e-type=\"widget\" data-widget_type=\"luxedrive_core_section_title.default\">\n\t\t\t\t<div class=\"elementor-widget-container\">\n\t\t\t\t\t<div class=\"qodef-shortcode qodef-m qodef-section-title qodef-alignment--left\">\n\t\t<h2 class=\"qodef-m-title\" >\n\t\t\t\t\tQuestions fr\u00e9quemment pos\u00e9es\t\t\t<\/h2>\n\t\t<span class=\"qodef-m-subtitle\" >Nous r\u00e9pondons ici aux questions les plus fr\u00e9quemment pos\u00e9es :<\/span>\n\t<\/div>\n\t\t\t\t<\/div>\n\t\t\t\t<\/div>\n\t\t\t\t<div class=\"elementor-element elementor-element-777b8e9 elementor-widget elementor-widget-luxedrive_core_separator\" data-id=\"777b8e9\" data-element_type=\"widget\" data-e-type=\"widget\" data-widget_type=\"luxedrive_core_separator.default\">\n\t\t\t\t<div class=\"elementor-widget-container\">\n\t\t\t\t\t<div class=\"qodef-shortcode qodef-m qodef-separator clear\">\n\t<div class=\"qodef-m-line\" style=\"border-color: #D9D6CE;border-style: solid;width: 100%;border-bottom-width: 1px\"><\/div>\n<\/div>\n\t\t\t\t<\/div>\n\t\t\t\t<\/div>\n\t\t\t\t\t<\/div>\n\t\t<\/div>\n\t\t\t\t\t<\/div>\n\t\t<\/section>\n\t\t\t\t<section class=\"elementor-section elementor-top-section elementor-element elementor-element-ab620be elementor-section-full_width qodef-elementor-content-grid elementor-section-height-default elementor-section-height-default\" data-id=\"ab620be\" data-element_type=\"section\" data-e-type=\"section\">\n\t\t\t\t\t\t<div class=\"elementor-container elementor-column-gap-default\">\n\t\t\t\t\t<div class=\"elementor-column elementor-col-100 elementor-top-column elementor-element elementor-element-d63880a\" data-id=\"d63880a\" data-element_type=\"column\" data-e-type=\"column\">\n\t\t\t<div class=\"elementor-widget-wrap elementor-element-populated\">\n\t\t\t\t\t\t<div class=\"elementor-element elementor-element-ded5b34 elementor-widget elementor-widget-luxedrive_core_accordion\" data-id=\"ded5b34\" data-element_type=\"widget\" data-e-type=\"widget\" data-widget_type=\"luxedrive_core_accordion.default\">\n\t\t\t\t<div class=\"elementor-widget-container\">\n\t\t\t\t\t<div class=\"qodef-shortcode qodef-m qodef-accordion clear qodef-behavior--accordion qodef-layout--simple\">\n\t<h5 class=\"qodef-accordion-title\">\n\t<span class=\"qodef-tab-title\">Pouvons-nous faire blinder notre voiture ult\u00e9rieurement ? <\/span>\n\t<span class=\"qodef-accordion-mark\"><\/span>\n<\/h5>\n<div class=\"qodef-accordion-content\">\n\t<div class=\"qodef-accordion-content-inner\">\n\t\t<p><span lang=\"FR\">Non, il existe certes des entreprises qui \u00ab\u00a0blindent\u00a0\u00bb ult\u00e9rieurement. Cependant, nous louons et<br \/>vendons uniquement des voitures construites comme<br \/>voitures \u00e0 protection sp\u00e9ciale dans l\u2019usine m\u00eame du constructeur.<\/span><\/p>\t<\/div>\n<\/div>\n<h5 class=\"qodef-accordion-title\">\n\t<span class=\"qodef-tab-title\">Les voitures sont-elles \u00e9galement blind\u00e9es pour prot\u00e9ger des attaques \u00e0 l\u2019explosif, aux grenades ? <\/span>\n\t<span class=\"qodef-accordion-mark\"><\/span>\n<\/h5>\n<div class=\"qodef-accordion-content\">\n\t<div class=\"qodef-accordion-content-inner\">\n\t\t<p><span lang=\"FR\">Oui, les voitures que nous utilisons offrent \u00e9galement une protection si le client choisit la classe de protection correspondante.<\/span><\/p>\t<\/div>\n<\/div>\n<h5 class=\"qodef-accordion-title\">\n\t<span class=\"qodef-tab-title\">Contre quelles armes \u00e0 feu les voitures sont-elles blind\u00e9es `? <\/span>\n\t<span class=\"qodef-accordion-mark\"><\/span>\n<\/h5>\n<div class=\"qodef-accordion-content\">\n\t<div class=\"qodef-accordion-content-inner\">\n\t\t<p><span lang=\"FR\">Nos voitures sont en g\u00e9n\u00e9ral blind\u00e9es pour r\u00e9pondre au moins aux exigences de la classe de protection VR9 ou VR10, la classe de protection la plus \u00e9lev\u00e9e dans le domaine civil, pas dans le domaine militaire.<\/span><\/p>\t<\/div>\n<\/div>\n<h5 class=\"qodef-accordion-title\">\n\t<span class=\"qodef-tab-title\">O\u00f9 puis-je amener une voiture blind\u00e9e pour r\u00e9vision ? <\/span>\n\t<span class=\"qodef-accordion-mark\"><\/span>\n<\/h5>\n<div class=\"qodef-accordion-content\">\n\t<div class=\"qodef-accordion-content-inner\">\n\t\t<p><span lang=\"FR\">S\u2019il s\u2019agit d\u2019une voiture blind\u00e9e construite dans l\u2019usine du constructeur, vous pouvez l\u2019amener chez tout concessionnaire agr\u00e9\u00e9 du constructeur respectif.<\/span><\/p>\t<\/div>\n<\/div>\n<h5 class=\"qodef-accordion-title\">\n\t<span class=\"qodef-tab-title\">Puis-je acheter une voiture \u00e0 protection sp\u00e9ciale en tant que particulier ou entreprise priv\u00e9e et l\u2019immatriculer \u00e0 mon nom ? <\/span>\n\t<span class=\"qodef-accordion-mark\"><\/span>\n<\/h5>\n<div class=\"qodef-accordion-content\">\n\t<div class=\"qodef-accordion-content-inner\">\n\t\t<p><span lang=\"FR\">Oui, vous pouvez acheter et faire immatriculer sans probl\u00e8me une berline blind\u00e9e.<br \/>Dans le cas des SUV blind\u00e9s, il peut s\u2019av\u00e9rer n\u00e9cessaire de se procurer une autorisation du BAFA (Office f\u00e9d\u00e9ral de l\u2019\u00c9conomie et du Contr\u00f4le des Exportations) en fonction de la classe de protection et du poids de la voiture.<\/span><\/p>\t<\/div>\n<\/div>\n<\/div>\n\t\t\t\t<\/div>\n\t\t\t\t<\/div>\n\t\t\t\t\t<\/div>\n\t\t<\/div>\n\t\t\t\t\t<\/div>\n\t\t<\/section>\n\t\t\t\t<section class=\"elementor-section elementor-top-section elementor-element elementor-element-d1f5cc7 elementor-section-full_width elementor-section-height-default elementor-section-height-default\" data-id=\"d1f5cc7\" data-element_type=\"section\" data-e-type=\"section\" data-settings=\"{&quot;background_background&quot;:&quot;classic&quot;}\">\n\t\t\t\t\t\t<div class=\"elementor-container elementor-column-gap-default\">\n\t\t\t\t\t<div class=\"elementor-column elementor-col-100 elementor-top-column elementor-element elementor-element-e402a3f\" data-id=\"e402a3f\" data-element_type=\"column\" data-e-type=\"column\">\n\t\t\t<div class=\"elementor-widget-wrap elementor-element-populated\">\n\t\t\t\t\t\t<div class=\"elementor-element elementor-element-6d02c89 elementor-widget elementor-widget-image\" data-id=\"6d02c89\" data-element_type=\"widget\" data-e-type=\"widget\" data-widget_type=\"image.default\">\n\t\t\t\t<div class=\"elementor-widget-container\">\n\t\t\t\t\t\t\t\t\t\t\t\t\t\t\t<img decoding=\"async\" width=\"1919\" height=\"645\" src=\"https:\/\/www.ams-rentaguard.de\/wp-content\/uploads\/2023\/12\/h1-img-bg8.jpg\" class=\"attachment-full size-full wp-image-8573\" alt=\"\" srcset=\"https:\/\/www.ams-rentaguard.de\/wp-content\/uploads\/2023\/12\/h1-img-bg8.jpg 1919w, https:\/\/www.ams-rentaguard.de\/wp-content\/uploads\/2023\/12\/h1-img-bg8-300x101.jpg 300w, https:\/\/www.ams-rentaguard.de\/wp-content\/uploads\/2023\/12\/h1-img-bg8-1024x344.jpg 1024w, https:\/\/www.ams-rentaguard.de\/wp-content\/uploads\/2023\/12\/h1-img-bg8-768x258.jpg 768w, https:\/\/www.ams-rentaguard.de\/wp-content\/uploads\/2023\/12\/h1-img-bg8-1536x516.jpg 1536w\" sizes=\"(max-width: 1919px) 100vw, 1919px\" \/>\t\t\t\t\t\t\t\t\t\t\t\t\t\t\t<\/div>\n\t\t\t\t<\/div>\n\t\t\t\t\t<\/div>\n\t\t<\/div>\n\t\t\t\t\t<\/div>\n\t\t<\/section>\n\t\t\t\t<\/div>\n\t\t","protected":false},"excerpt":{"rendered":"<p>Quelques avantages de nos voitures \u00e0 protection sp\u00e9ciale : Protection 100 % Classe de protection la plus \u00e9lev\u00e9e du fait du blindage complet. Certifi\u00e9es par l\u2019Office f\u00e9d\u00e9ral de la police criminelle (BKA) avec une s\u00e9curit\u00e9 de tir allant jusqu\u2019aux classes de r\u00e9sistance balistique les plus \u00e9lev\u00e9es VR7\/9 (selon BRV 2009) Syst\u00e8mes d\u2019extraction d\u2019urgence, propres syst\u00e8mes [&hellip;]<\/p>\n","protected":false},"author":1,"featured_media":0,"parent":0,"menu_order":2,"comment_status":"closed","ping_status":"closed","template":"page-full-width.php","meta":{"footnotes":""},"class_list":["post-8900","page","type-page","status-publish","hentry"],"_links":{"self":[{"href":"https:\/\/www.ams-rentaguard.de\/fr\/wp-json\/wp\/v2\/pages\/8900","targetHints":{"allow":["GET"]}}],"collection":[{"href":"https:\/\/www.ams-rentaguard.de\/fr\/wp-json\/wp\/v2\/pages"}],"about":[{"href":"https:\/\/www.ams-rentaguard.de\/fr\/wp-json\/wp\/v2\/types\/page"}],"author":[{"embeddable":true,"href":"https:\/\/www.ams-rentaguard.de\/fr\/wp-json\/wp\/v2\/users\/1"}],"replies":[{"embeddable":true,"href":"https:\/\/www.ams-rentaguard.de\/fr\/wp-json\/wp\/v2\/comments?post=8900"}],"version-history":[{"count":4,"href":"https:\/\/www.ams-rentaguard.de\/fr\/wp-json\/wp\/v2\/pages\/8900\/revisions"}],"predecessor-version":[{"id":8935,"href":"https:\/\/www.ams-rentaguard.de\/fr\/wp-json\/wp\/v2\/pages\/8900\/revisions\/8935"}],"wp:attachment":[{"href":"https:\/\/www.ams-rentaguard.de\/fr\/wp-json\/wp\/v2\/media?parent=8900"}],"curies":[{"name":"wp","href":"https:\/\/api.w.org\/{rel}","templated":true}]}}